{"id":12,"date":"2014-12-08T07:20:50","date_gmt":"2014-12-08T07:20:50","guid":{"rendered":"http:\/\/www.magnis-formation.fr\/?page_id=12"},"modified":"2014-12-08T07:20:50","modified_gmt":"2014-12-08T07:20:50","slug":"contact","status":"publish","type":"page","link":"https:\/\/dev.magnis-formation.fr\/index.php\/contact\/","title":{"rendered":"Contact"},"content":{"rendered":"<p>[row]<br \/>\n[span6]<\/p>\n<h2>Renseignements \/ Demande de devis<\/h2>\n<p>[ninja_form id=1]<\/p>\n<p>[\/span6]<br \/>\n[span6]<\/p>\n<h2 style=\"text-align: left;\"><strong>04 82 53 58 94 &#8211; info@magnis-formation.fr<\/strong><\/h2>\n<p style=\"text-align: right;\"><img fetchpriority=\"high\" decoding=\"async\" class=\"aligncenter wp-image-7404 size-full\" src=\"https:\/\/www.magnis-formation.fr\/wp-content\/uploads\/2023\/06\/centre-formation-securite-lyon.png\" alt=\"\" width=\"300\" height=\"200\" \/><\/p>\n<p>[\/span6]<br \/>\n[\/row]<br \/>\n[row]<br \/>\n[span6]<br \/>\n<script>\/\/ <![CDATA[ fbq('track', 'ViewContent', { value: 3.50, currency: 'USD' }); \/\/ ]]><\/script><\/p>\n<h1>Coordonn\u00e9es<\/h1>\n<p>Adresse : 12 place Bir Hakeim 69003 Lyon<\/p>\n<p>T\u00e9l\u00e9phone : 04 82 53 58 94<\/p>\n<p>Email : info@magnis-formation.fr<\/p>\n<p>[\/span6][span6]<\/p>\n","protected":false},"excerpt":{"rendered":"<p>[row] [span6] Renseignements \/ Demande de devis [ninja_form id=1] [\/span6] [span6] 04 82 53 58 94 &#8211; info@magnis-formation.fr [\/span6] [\/row] [row] [span6] Coordonn\u00e9es Adresse : 12 place Bir Hakeim 69003 Lyon T\u00e9l\u00e9phone : 04 82 53 58 94 Email : info@magnis-formation.fr [\/span6][span6]<\/p>\n","protected":false},"author":1,"featured_media":0,"parent":0,"menu_order":0,"comment_status":"open","ping_status":"open","template":"page-fullwidth.php","meta":{"_acf_changed":false,"footnotes":""},"class_list":["post-12","page","type-page","status-publish","hentry"],"acf":[],"yoast_head":"<!-- This site is optimized with the Yoast SEO plugin v23.5 - https:\/\/yoast.com\/wordpress\/plugins\/seo\/ -->\n<title>Contact - Magnis Formation<\/title>\n<meta name=\"robots\" content=\"index, follow, max-snippet:-1, max-image-preview:large, max-video-preview:-1\" \/>\n<link rel=\"canonical\" href=\"https:\/\/dev.magnis-formation.fr\/index.php\/contact\/\" \/>\n<meta property=\"og:locale\" content=\"fr_FR\" \/>\n<meta property=\"og:type\" content=\"article\" \/>\n<meta property=\"og:title\" content=\"Contact - Magnis Formation\" \/>\n<meta property=\"og:description\" content=\"[row] [span6] Renseignements \/ Demande de devis [ninja_form id=1] [\/span6] [span6] 04 82 53 58 94 &#8211; info@magnis-formation.fr [\/span6] [\/row] [row] [span6] Coordonn\u00e9es Adresse : 12 place Bir Hakeim 69003 Lyon T\u00e9l\u00e9phone : 04 82 53 58 94 Email : info@magnis-formation.fr [\/span6][span6]\" \/>\n<meta property=\"og:url\" content=\"https:\/\/dev.magnis-formation.fr\/index.php\/contact\/\" \/>\n<meta property=\"og:site_name\" content=\"Magnis Formation\" \/>\n<meta property=\"og:image\" content=\"https:\/\/www.magnis-formation.fr\/wp-content\/uploads\/2023\/06\/centre-formation-securite-lyon.png\" \/>\n<meta name=\"twitter:card\" content=\"summary_large_image\" \/>\n<meta name=\"twitter:label1\" content=\"Dur\u00e9e de lecture estim\u00e9e\" \/>\n\t<meta name=\"twitter:data1\" content=\"1 minute\" \/>\n<script type=\"application\/ld+json\" class=\"yoast-schema-graph\">{\"@context\":\"https:\/\/schema.org\",\"@graph\":[{\"@type\":\"WebPage\",\"@id\":\"https:\/\/dev.magnis-formation.fr\/index.php\/contact\/\",\"url\":\"https:\/\/dev.magnis-formation.fr\/index.php\/contact\/\",\"name\":\"Contact - Magnis Formation\",\"isPartOf\":{\"@id\":\"https:\/\/dev.magnis-formation.fr\/#website\"},\"primaryImageOfPage\":{\"@id\":\"https:\/\/dev.magnis-formation.fr\/index.php\/contact\/#primaryimage\"},\"image\":{\"@id\":\"https:\/\/dev.magnis-formation.fr\/index.php\/contact\/#primaryimage\"},\"thumbnailUrl\":\"https:\/\/www.magnis-formation.fr\/wp-content\/uploads\/2023\/06\/centre-formation-securite-lyon.png\",\"datePublished\":\"2014-12-08T07:20:50+00:00\",\"dateModified\":\"2014-12-08T07:20:50+00:00\",\"breadcrumb\":{\"@id\":\"https:\/\/dev.magnis-formation.fr\/index.php\/contact\/#breadcrumb\"},\"inLanguage\":\"fr-FR\",\"potentialAction\":[{\"@type\":\"ReadAction\",\"target\":[\"https:\/\/dev.magnis-formation.fr\/index.php\/contact\/\"]}]},{\"@type\":\"ImageObject\",\"inLanguage\":\"fr-FR\",\"@id\":\"https:\/\/dev.magnis-formation.fr\/index.php\/contact\/#primaryimage\",\"url\":\"https:\/\/www.magnis-formation.fr\/wp-content\/uploads\/2023\/06\/centre-formation-securite-lyon.png\",\"contentUrl\":\"https:\/\/www.magnis-formation.fr\/wp-content\/uploads\/2023\/06\/centre-formation-securite-lyon.png\"},{\"@type\":\"BreadcrumbList\",\"@id\":\"https:\/\/dev.magnis-formation.fr\/index.php\/contact\/#breadcrumb\",\"itemListElement\":[{\"@type\":\"ListItem\",\"position\":1,\"name\":\"Accueil\",\"item\":\"https:\/\/dev.magnis-formation.fr\/\"},{\"@type\":\"ListItem\",\"position\":2,\"name\":\"Contact\"}]},{\"@type\":\"WebSite\",\"@id\":\"https:\/\/dev.magnis-formation.fr\/#website\",\"url\":\"https:\/\/dev.magnis-formation.fr\/\",\"name\":\"Magnis Formation\",\"description\":\"La formation au service de votre s\u00e9curit\u00e9\",\"publisher\":{\"@id\":\"https:\/\/dev.magnis-formation.fr\/#organization\"},\"potentialAction\":[{\"@type\":\"SearchAction\",\"target\":{\"@type\":\"EntryPoint\",\"urlTemplate\":\"https:\/\/dev.magnis-formation.fr\/?s={search_term_string}\"},\"query-input\":{\"@type\":\"PropertyValueSpecification\",\"valueRequired\":true,\"valueName\":\"search_term_string\"}}],\"inLanguage\":\"fr-FR\"},{\"@type\":\"Organization\",\"@id\":\"https:\/\/dev.magnis-formation.fr\/#organization\",\"name\":\"Magnis Formation\",\"url\":\"https:\/\/dev.magnis-formation.fr\/\",\"logo\":{\"@type\":\"ImageObject\",\"inLanguage\":\"fr-FR\",\"@id\":\"https:\/\/dev.magnis-formation.fr\/#\/schema\/logo\/image\/\",\"url\":\"https:\/\/dev.magnis-formation.fr\/wp-content\/uploads\/2024\/10\/Logo-complet.svg\",\"contentUrl\":\"https:\/\/dev.magnis-formation.fr\/wp-content\/uploads\/2024\/10\/Logo-complet.svg\",\"width\":176,\"height\":88,\"caption\":\"Magnis Formation\"},\"image\":{\"@id\":\"https:\/\/dev.magnis-formation.fr\/#\/schema\/logo\/image\/\"}}]}<\/script>\n<!-- \/ Yoast SEO plugin. -->","yoast_head_json":{"title":"Contact - Magnis Formation","robots":{"index":"index","follow":"follow","max-snippet":"max-snippet:-1","max-image-preview":"max-image-preview:large","max-video-preview":"max-video-preview:-1"},"canonical":"https:\/\/dev.magnis-formation.fr\/index.php\/contact\/","og_locale":"fr_FR","og_type":"article","og_title":"Contact - Magnis Formation","og_description":"[row] [span6] Renseignements \/ Demande de devis [ninja_form id=1] [\/span6] [span6] 04 82 53 58 94 &#8211; info@magnis-formation.fr [\/span6] [\/row] [row] [span6] Coordonn\u00e9es Adresse : 12 place Bir Hakeim 69003 Lyon T\u00e9l\u00e9phone : 04 82 53 58 94 Email : info@magnis-formation.fr [\/span6][span6]","og_url":"https:\/\/dev.magnis-formation.fr\/index.php\/contact\/","og_site_name":"Magnis Formation","og_image":[{"url":"https:\/\/www.magnis-formation.fr\/wp-content\/uploads\/2023\/06\/centre-formation-securite-lyon.png"}],"twitter_card":"summary_large_image","twitter_misc":{"Dur\u00e9e de lecture estim\u00e9e":"1 minute"},"schema":{"@context":"https:\/\/schema.org","@graph":[{"@type":"WebPage","@id":"https:\/\/dev.magnis-formation.fr\/index.php\/contact\/","url":"https:\/\/dev.magnis-formation.fr\/index.php\/contact\/","name":"Contact - Magnis Formation","isPartOf":{"@id":"https:\/\/dev.magnis-formation.fr\/#website"},"primaryImageOfPage":{"@id":"https:\/\/dev.magnis-formation.fr\/index.php\/contact\/#primaryimage"},"image":{"@id":"https:\/\/dev.magnis-formation.fr\/index.php\/contact\/#primaryimage"},"thumbnailUrl":"https:\/\/www.magnis-formation.fr\/wp-content\/uploads\/2023\/06\/centre-formation-securite-lyon.png","datePublished":"2014-12-08T07:20:50+00:00","dateModified":"2014-12-08T07:20:50+00:00","breadcrumb":{"@id":"https:\/\/dev.magnis-formation.fr\/index.php\/contact\/#breadcrumb"},"inLanguage":"fr-FR","potentialAction":[{"@type":"ReadAction","target":["https:\/\/dev.magnis-formation.fr\/index.php\/contact\/"]}]},{"@type":"ImageObject","inLanguage":"fr-FR","@id":"https:\/\/dev.magnis-formation.fr\/index.php\/contact\/#primaryimage","url":"https:\/\/www.magnis-formation.fr\/wp-content\/uploads\/2023\/06\/centre-formation-securite-lyon.png","contentUrl":"https:\/\/www.magnis-formation.fr\/wp-content\/uploads\/2023\/06\/centre-formation-securite-lyon.png"},{"@type":"BreadcrumbList","@id":"https:\/\/dev.magnis-formation.fr\/index.php\/contact\/#breadcrumb","itemListElement":[{"@type":"ListItem","position":1,"name":"Accueil","item":"https:\/\/dev.magnis-formation.fr\/"},{"@type":"ListItem","position":2,"name":"Contact"}]},{"@type":"WebSite","@id":"https:\/\/dev.magnis-formation.fr\/#website","url":"https:\/\/dev.magnis-formation.fr\/","name":"Magnis Formation","description":"La formation au service de votre s\u00e9curit\u00e9","publisher":{"@id":"https:\/\/dev.magnis-formation.fr\/#organization"},"potentialAction":[{"@type":"SearchAction","target":{"@type":"EntryPoint","urlTemplate":"https:\/\/dev.magnis-formation.fr\/?s={search_term_string}"},"query-input":{"@type":"PropertyValueSpecification","valueRequired":true,"valueName":"search_term_string"}}],"inLanguage":"fr-FR"},{"@type":"Organization","@id":"https:\/\/dev.magnis-formation.fr\/#organization","name":"Magnis Formation","url":"https:\/\/dev.magnis-formation.fr\/","logo":{"@type":"ImageObject","inLanguage":"fr-FR","@id":"https:\/\/dev.magnis-formation.fr\/#\/schema\/logo\/image\/","url":"https:\/\/dev.magnis-formation.fr\/wp-content\/uploads\/2024\/10\/Logo-complet.svg","contentUrl":"https:\/\/dev.magnis-formation.fr\/wp-content\/uploads\/2024\/10\/Logo-complet.svg","width":176,"height":88,"caption":"Magnis Formation"},"image":{"@id":"https:\/\/dev.magnis-formation.fr\/#\/schema\/logo\/image\/"}}]}},"_links":{"self":[{"href":"https:\/\/dev.magnis-formation.fr\/index.php\/wp-json\/wp\/v2\/pages\/12","targetHints":{"allow":["GET"]}}],"collection":[{"href":"https:\/\/dev.magnis-formation.fr\/index.php\/wp-json\/wp\/v2\/pages"}],"about":[{"href":"https:\/\/dev.magnis-formation.fr\/index.php\/wp-json\/wp\/v2\/types\/page"}],"author":[{"embeddable":true,"href":"https:\/\/dev.magnis-formation.fr\/index.php\/wp-json\/wp\/v2\/users\/1"}],"replies":[{"embeddable":true,"href":"https:\/\/dev.magnis-formation.fr\/index.php\/wp-json\/wp\/v2\/comments?post=12"}],"version-history":[{"count":0,"href":"https:\/\/dev.magnis-formation.fr\/index.php\/wp-json\/wp\/v2\/pages\/12\/revisions"}],"wp:attachment":[{"href":"https:\/\/dev.magnis-formation.fr\/index.php\/wp-json\/wp\/v2\/media?parent=12"}],"curies":[{"name":"wp","href":"https:\/\/api.w.org\/{rel}","templated":true}]}}